{"id":28,"date":"2019-08-12T09:31:35","date_gmt":"2019-08-12T09:31:35","guid":{"rendered":"http:\/\/www.yourcomm.cz\/?page_id=28"},"modified":"2025-08-11T16:28:11","modified_gmt":"2025-08-11T14:28:11","slug":"yourcomm","status":"publish","type":"page","link":"https:\/\/www.yourcomm.cz\/?page_id=28","title":{"rendered":"YourComm"},"content":{"rendered":"\n<ul class=\"wp-block-list\">\n<li>Spole\u010dnost YourComm p\u016fsob\u00ed v&nbsp;\u010desk\u00e9m medi\u00e1ln\u00edm sv\u011bt\u011b od roku 2007.<\/li>\n\n\n\n<li>Specializuje se na oblast zdrav\u00ed, zdrav\u00e9ho \u017eivotn\u00edho stylu, zdravotnictv\u00ed a farmacii.<\/li>\n\n\n\n<li>Ve sv\u00e9 historii uspo\u0159\u00e1dala des\u00edtky tiskov\u00fdch konferenc\u00ed na nejr\u016fzn\u011bj\u0161\u00ed zdravotn\u00ed t\u00e9mata.<\/li>\n\n\n\n<li><strong>V&nbsp;sou\u010dasnosti se soust\u0159ed\u00ed na odborn\u00e9 poradenstv\u00ed v&nbsp;oblasti medic\u00edny, zdrav\u00e9ho \u017eivotn\u00edch stylu a farmacie.<\/strong><\/li>\n\n\n\n<li><strong>P\u0159ipravuje texty pro n\u011bkolik odborn\u00fdch medi\u00ed<\/strong>.<\/li>\n<\/ul>\n","protected":false},"excerpt":{"rendered":"","protected":false},"author":1,"featured_media":0,"parent":0,"menu_order":0,"comment_status":"closed","ping_status":"closed","template":"","meta":{"footnotes":""},"class_list":["post-28","page","type-page","status-publish","hentry"],"_links":{"self":[{"href":"https:\/\/www.yourcomm.cz\/index.php?rest_route=\/wp\/v2\/pages\/28","targetHints":{"allow":["GET"]}}],"collection":[{"href":"https:\/\/www.yourcomm.cz\/index.php?rest_route=\/wp\/v2\/pages"}],"about":[{"href":"https:\/\/www.yourcomm.cz\/index.php?rest_route=\/wp\/v2\/types\/page"}],"author":[{"embeddable":true,"href":"https:\/\/www.yourcomm.cz\/index.php?rest_route=\/wp\/v2\/users\/1"}],"replies":[{"embeddable":true,"href":"https:\/\/www.yourcomm.cz\/index.php?rest_route=%2Fwp%2Fv2%2Fcomments&post=28"}],"version-history":[{"count":6,"href":"https:\/\/www.yourcomm.cz\/index.php?rest_route=\/wp\/v2\/pages\/28\/revisions"}],"predecessor-version":[{"id":122,"href":"https:\/\/www.yourcomm.cz\/index.php?rest_route=\/wp\/v2\/pages\/28\/revisions\/122"}],"wp:attachment":[{"href":"https:\/\/www.yourcomm.cz\/index.php?rest_route=%2Fwp%2Fv2%2Fmedia&parent=28"}],"curies":[{"name":"wp","href":"https:\/\/api.w.org\/{rel}","templated":true}]}}