{"id":30,"date":"2019-08-12T09:31:35","date_gmt":"2019-08-12T09:31:35","guid":{"rendered":"http:\/\/www.yourcomm.cz\/?page_id=30"},"modified":"2025-08-11T16:05:39","modified_gmt":"2025-08-11T14:05:39","slug":"reference","status":"publish","type":"page","link":"https:\/\/www.yourcomm.cz\/?page_id=30","title":{"rendered":"Reference"},"content":{"rendered":"\n<p>Spole\u010dnost YourComm spolupracovala v&nbsp;letech 2007 \u2013 2021 s&nbsp;mnoha organizacemi a dal\u0161\u00edmi subjekty:<\/p>\n\n\n\n<ul class=\"wp-block-list\">\n<li>kancel\u00e1\u0159 Sv\u011btov\u00e9 zdravotnick\u00e9 organizace v\u00a0Praze<\/li>\n\n\n\n<li>FN Motol<\/li>\n\n\n\n<li>St\u00e1tn\u00ed zdravotn\u00ed \u00fastav<\/li>\n\n\n\n<li>Sanatorium Pronatal<\/li>\n\n\n\n<li>Mnoha farmaceutick\u00fdmi spole\u010dnostmi (Astellas, Bayer, Lundbeck, Merck, Roche, Teva Egis, Pfizer, Lilly a dal\u0161\u00ed)<\/li>\n<\/ul>\n\n\n\n<ul class=\"wp-block-list\">\n<li>Asociace inovativn\u00edho farmaceutick\u00e9ho pr\u016fmyslu<\/li>\n\n\n\n<li>Institut pro postgradu\u00e1ln\u00ed vzd\u011bl\u00e1v\u00e1n\u00ed ve zdravotnictv\u00ed<\/li>\n\n\n\n<li>N\u00e1rodn\u00ed organizace pro ov\u011b\u0159ov\u00e1n\u00ed pravosti l\u00e9\u010div<\/li>\n\n\n\n<li>Philips<\/li>\n<\/ul>\n\n\n\n<p><strong>V&nbsp;sou\u010dasnosti se pod\u00edl\u00ed na projektech klient\u016f:<\/strong><\/p>\n\n\n\n<ul class=\"wp-block-list\">\n<li>Merck spol. s r.o.<\/li>\n\n\n\n<li>Roche s.r.o.<\/li>\n\n\n\n<li>TEVA<\/li>\n\n\n\n<li>Gilead Sciences<\/li>\n\n\n\n<li>Medical Tribune CZ<\/li>\n\n\n\n<li>Novartis<\/li>\n\n\n\n<li>AbbVie<\/li>\n\n\n\n<li>FN Motol (onkologie)<\/li>\n\n\n\n<li>Angelini Pharma<\/li>\n\n\n\n<li>Recordati<\/li>\n<\/ul>\n\n\n\n<p><strong>Aktivn\u011b spolupracuje s&nbsp;pacientsk\u00fdmi organizacemi<\/strong><\/p>\n\n\n\n<ul class=\"wp-block-list\">\n<li>\u010cesk\u00e1 asociace pro vz\u00e1cn\u00e1 onemocn\u011bn\u00ed<\/li>\n\n\n\n<li>MYGRA<\/li>\n\n\n\n<li>Spolek Will\u00edk<\/li>\n\n\n\n<li>Bellis<\/li>\n<\/ul>\n\n\n\n<p><strong>Spolupracuje s&nbsp;odborn\u00fdmi organizacemi<\/strong><\/p>\n\n\n\n<ul class=\"wp-block-list\">\n<li>s\u00a0registrem REMUS<\/li>\n\n\n\n<li>se Sdru\u017een\u00edm praktick\u00fdch l\u00e9ka\u0159\u016f \u010cR (SVL \u010cR)<\/li>\n\n\n\n<li>se Spole\u010dnost\u00ed v\u0161eobecn\u00e9ho l\u00e9ka\u0159stv\u00ed (SVL \u010cLS JEP)<\/li>\n<\/ul>\n\n\n\n<p><\/p>\n","protected":false},"excerpt":{"rendered":"<p>Spole\u010dnost YourComm spolupracovala v&nbsp;letech 2007 \u2013 2021 s&nbsp;mnoha organizacemi a dal\u0161\u00edmi subjekty: V&nbsp;sou\u010dasnosti se pod\u00edl\u00ed na projektech klient\u016f: Aktivn\u011b spolupracuje s&nbsp;pacientsk\u00fdmi organizacemi Spolupracuje s&nbsp;odborn\u00fdmi organizacemi<\/p>\n","protected":false},"author":1,"featured_media":0,"parent":0,"menu_order":0,"comment_status":"closed","ping_status":"closed","template":"","meta":{"footnotes":""},"class_list":["post-30","page","type-page","status-publish","hentry"],"_links":{"self":[{"href":"https:\/\/www.yourcomm.cz\/index.php?rest_route=\/wp\/v2\/pages\/30","targetHints":{"allow":["GET"]}}],"collection":[{"href":"https:\/\/www.yourcomm.cz\/index.php?rest_route=\/wp\/v2\/pages"}],"about":[{"href":"https:\/\/www.yourcomm.cz\/index.php?rest_route=\/wp\/v2\/types\/page"}],"author":[{"embeddable":true,"href":"https:\/\/www.yourcomm.cz\/index.php?rest_route=\/wp\/v2\/users\/1"}],"replies":[{"embeddable":true,"href":"https:\/\/www.yourcomm.cz\/index.php?rest_route=%2Fwp%2Fv2%2Fcomments&post=30"}],"version-history":[{"count":3,"href":"https:\/\/www.yourcomm.cz\/index.php?rest_route=\/wp\/v2\/pages\/30\/revisions"}],"predecessor-version":[{"id":102,"href":"https:\/\/www.yourcomm.cz\/index.php?rest_route=\/wp\/v2\/pages\/30\/revisions\/102"}],"wp:attachment":[{"href":"https:\/\/www.yourcomm.cz\/index.php?rest_route=%2Fwp%2Fv2%2Fmedia&parent=30"}],"curies":[{"name":"wp","href":"https:\/\/api.w.org\/{rel}","templated":true}]}}