{"id":71,"date":"2019-11-10T17:40:35","date_gmt":"2019-11-10T15:40:35","guid":{"rendered":"http:\/\/www.yourcomm.cz\/?page_id=71"},"modified":"2025-08-11T16:22:36","modified_gmt":"2025-08-11T14:22:36","slug":"aktuality","status":"publish","type":"page","link":"https:\/\/www.yourcomm.cz\/?page_id=71","title":{"rendered":"Aktuality"},"content":{"rendered":"\n<h5 class=\"wp-block-heading\"><\/h5>\n\n\n\n<p>L\u00e9ka\u0159\u016fm Onkologick\u00e9 kliniky FN Motol byla koncem \u010dervence 2025 p\u0159ed\u00e1na bro\u017eura Biologick\u00e1 l\u00e9\u010dba, kter\u00e1 je ur\u010dena pacient\u016fm. Ve spolupr\u00e1ci s\u00a0odborn\u00edky Onkologick\u00e9 kliniky FN Motol, spole\u010dnosti Teva a vydavatelstv\u00ed Medical Tribune CZ p\u0159ipravila MUDr. Marta \u0160im\u016fnkov\u00e1, YourComm. Ke sta\u017een\u00ed n\u00ed\u017ee.<\/p>\n\n\n\n<div data-wp-interactive=\"core\/file\" class=\"wp-block-file\"><object data-wp-bind--hidden=\"!state.hasPdfPreview\" hidden class=\"wp-block-file__embed\" data=\"https:\/\/www.yourcomm.cz\/wp-content\/uploads\/2025\/08\/biologicka_terapie_A5_2025_fin-3.pdf\" type=\"application\/pdf\" style=\"width:100%;height:600px\" aria-label=\"Vlo\u017eit z Biologick\u00e1 terapie.\"><\/object><a id=\"wp-block-file--media-03c56d03-734f-4dac-aa5f-cd9377304308\" href=\"https:\/\/www.yourcomm.cz\/wp-content\/uploads\/2025\/08\/biologicka_terapie_A5_2025_fin-3.pdf\">Biologick\u00e1 terapie<\/a><a href=\"https:\/\/www.yourcomm.cz\/wp-content\/uploads\/2025\/08\/biologicka_terapie_A5_2025_fin-3.pdf\" class=\"wp-block-file__button wp-element-button\" download aria-describedby=\"wp-block-file--media-03c56d03-734f-4dac-aa5f-cd9377304308\">St\u00e1hnout<\/a><\/div>\n\n\n\n<p><\/p>\n","protected":false},"excerpt":{"rendered":"<p>L\u00e9ka\u0159\u016fm Onkologick\u00e9 kliniky FN Motol byla koncem \u010dervence 2025 p\u0159ed\u00e1na bro\u017eura Biologick\u00e1 l\u00e9\u010dba, kter\u00e1 je ur\u010dena pacient\u016fm. Ve spolupr\u00e1ci s\u00a0odborn\u00edky Onkologick\u00e9 kliniky FN Motol, spole\u010dnosti Teva a vydavatelstv\u00ed Medical Tribune CZ p\u0159ipravila MUDr. Marta \u0160im\u016fnkov\u00e1, YourComm. Ke sta\u017een\u00ed n\u00ed\u017ee.<\/p>\n","protected":false},"author":1,"featured_media":0,"parent":0,"menu_order":0,"comment_status":"closed","ping_status":"closed","template":"","meta":{"footnotes":""},"class_list":["post-71","page","type-page","status-publish","hentry"],"_links":{"self":[{"href":"https:\/\/www.yourcomm.cz\/index.php?rest_route=\/wp\/v2\/pages\/71","targetHints":{"allow":["GET"]}}],"collection":[{"href":"https:\/\/www.yourcomm.cz\/index.php?rest_route=\/wp\/v2\/pages"}],"about":[{"href":"https:\/\/www.yourcomm.cz\/index.php?rest_route=\/wp\/v2\/types\/page"}],"author":[{"embeddable":true,"href":"https:\/\/www.yourcomm.cz\/index.php?rest_route=\/wp\/v2\/users\/1"}],"replies":[{"embeddable":true,"href":"https:\/\/www.yourcomm.cz\/index.php?rest_route=%2Fwp%2Fv2%2Fcomments&post=71"}],"version-history":[{"count":6,"href":"https:\/\/www.yourcomm.cz\/index.php?rest_route=\/wp\/v2\/pages\/71\/revisions"}],"predecessor-version":[{"id":120,"href":"https:\/\/www.yourcomm.cz\/index.php?rest_route=\/wp\/v2\/pages\/71\/revisions\/120"}],"wp:attachment":[{"href":"https:\/\/www.yourcomm.cz\/index.php?rest_route=%2Fwp%2Fv2%2Fmedia&parent=71"}],"curies":[{"name":"wp","href":"https:\/\/api.w.org\/{rel}","templated":true}]}}